{"id":180,"date":"2024-07-16T20:37:15","date_gmt":"2024-07-16T18:37:15","guid":{"rendered":"https:\/\/dingueries.noblogs.org\/?page_id=180"},"modified":"2026-01-04T21:32:05","modified_gmt":"2026-01-04T20:32:05","slug":"contre-information","status":"publish","type":"page","link":"https:\/\/dingueries.noblogs.org\/?page_id=180","title":{"rendered":"contre-information"},"content":{"rendered":"<p>Divers sites consultables pour s&rsquo;informer sur les luttes et actions dans le monde entier.<\/p>\n<p><span style=\"text-decoration: underline\">Fran\u00e7ais :<\/span><\/p>\n<ul>\n<li style=\"list-style-type: none\">\n<ul>\n<li>Attaque <a href=\"https:\/\/attaque.noblogs.org\">https:\/\/attaque.noblogs.org<\/a><\/li>\n<li>Bruxelles D\u00e9vie <a href=\"https:\/\/bruxellesdevie.com\/\">https:\/\/bruxellesdevie.com\/ <\/a><\/li>\n<li>Getting the Voice Out <a href=\"https:\/\/www.gettingthevoiceout.org\/\">https:\/\/www.gettingthevoiceout.org\/<\/a><\/li>\n<li>Indymedia Lille <a href=\"https:\/\/lille.indymedia.org\">https:\/\/lille.indymedia.org<\/a><\/li>\n<li>Indymedia Nantes <a href=\"https:\/\/nantes.indymedia.org\">https:\/\/nantes.indymedia.org<\/a><\/li>\n<li>Info Libertaire <a href=\"https:\/\/www.infolibertaire.net\/\">https:\/\/www.infolibertaire.net\/<\/a><\/li>\n<li>Information Anti-Autoritaire Toulouse et Alentours <a href=\"https:\/\/iaata.info\">https:\/\/iaata.info<\/a><\/li>\n<li>Marseille Infos Autonomes <a href=\"https:\/\/mars-infos.org\">https:\/\/mars-infos.org<\/a><\/li>\n<li>Montr\u00e9al Contre-Information <a href=\"https:\/\/mtlcontreinfo.org\">https:\/\/mtlcontreinfo.org<\/a><\/li>\n<li>Paris Luttes Info <a href=\"https:\/\/paris-luttes.info\">https:\/\/paris-luttes.info<\/a><\/li>\n<li>Renverse <a href=\"https:\/\/renverse.co\">https:\/\/renverse.co<\/a><\/li>\n<li>Sans Nom <a href=\"https:\/\/sansnom.noblogs.org\">https:\/\/sansnom.noblogs.org<\/a><\/li>\n<li>Squat!net <a href=\"http:\/\/fr.squat.net\/\">http:\/\/fr.squat.net\/<\/a><\/li>\n<li>Stuut <a href=\"https:\/\/stuut.info\">https:\/\/stuut.info<\/a><\/li>\n<li>Trognon <a href=\"https:\/\/trognon.info\">https:\/\/trognon.info<\/a><\/li>\n<li>Zbeul 2024 <a href=\"https:\/\/zbeul2024.noblogs.org\/\">https:\/\/zbeul2024.noblogs.org\/ <\/a><\/li>\n<\/ul>\n<\/li>\n<\/ul>\n<p><span style=\"text-decoration: underline\">Anglais :<\/span><\/p>\n<ul>\n<li>Abolition Media <a href=\"https:\/\/abolitionmedia.noblogs.org\">https:\/\/abolitionmedia.noblogs.org<\/a><\/li>\n<li>Act for freedom now! <a href=\"https:\/\/actforfree.noblogs.org\">https:\/\/actforfree.noblogs.org<\/a><\/li>\n<li>Anarchist Federation <a href=\"https:\/\/www.anarchistfederation.net\/\">https:\/\/www.anarchistfederation.net\/<\/a><\/li>\n<li>Anarchist News <a href=\"https:\/\/anarchistnews.org\/\">https:\/\/anarchistnews.org\/<\/a><\/li>\n<li>Austin Autonomedia <a href=\"https:\/\/austinautonomedia.noblogs.org\/\">https:\/\/austinautonomedia.noblogs.org\/<\/a><\/li>\n<li>Avispa <a href=\"https:\/\/avispa.org\/english\">https:\/\/avispa.org\/english<\/a><\/li>\n<li>Avtozak Live <a href=\"https:\/\/avtozak.info\/category\/en-2\/\">https:\/\/avtozak.info\/category\/en-2\/ <\/a><\/li>\n<li>Backlash Blogs <a href=\"https:\/\/backlashblogs.wordpress.com\/\">https:\/\/backlashblogs.wordpress.com\/<\/a><\/li>\n<li>Bash Back News <a href=\"https:\/\/bbnews.noblogs.org\/\">https:\/\/bbnews.noblogs.org\/<\/a><\/li>\n<li>Berkman School of Anarchy <a href=\"https:\/\/berkmananarchy.noblogs.org\/\">https:\/\/berkmananarchy.noblogs.org\/<\/a><\/li>\n<li>BC Counter-Info <a href=\"https:\/\/bccounterinfo.org\/\">https:\/\/bccounterinfo.org\/<\/a>\u00a0 [<a href=\"http:\/\/fuckbckq7mserlkoqpjwgeuof6l6j4tlpszvbwqiiaajorqyynbjn5qd\/\">lien TOR<\/a>]<\/li>\n<li>Censored News <a href=\"https:\/\/bsnorrell.blogspot.com\/\">https:\/\/bsnorrell.blogspot.com\/<\/a><\/li>\n<li>Chicago Anti-Report <a href=\"https:\/\/chicagoantireport.noblogs.org\/\">https:\/\/chicagoantireport.noblogs.org\/<\/a><\/li>\n<li>Counter Vortex <a href=\"https:\/\/countervortex.org\/\">https:\/\/countervortex.org\/<\/a><\/li>\n<li>Dark Nights <a href=\"https:\/\/darknights.noblogs.org\">https:\/\/darknights.noblogs.org<\/a><\/li>\n<li>The Dirty South <a href=\"https:\/\/dirtysouth.noblogs.org\/\">https:\/\/dirtysouth.noblogs.org\/<\/a><\/li>\n<li>El Enemigo Com\u00fan <a href=\"https:\/\/elenemigocomun.net\">https:\/\/elenemigocomun.net<\/a><\/li>\n<li>Ellipsism <a href=\"https:\/\/ellipsism.noblogs.org\/\">https:\/\/ellipsism.noblogs.org\/<\/a><\/li>\n<li>Ewok Revolt! <a href=\"https:\/\/ewokrevolt.noblogs.org\/\">https:\/\/ewokrevolt.noblogs.org\/<\/a><\/li>\n<li>Freedom News <a href=\"https:\/\/freedomnews.org.uk\/\">https:\/\/freedomnews.org.uk\/<\/a><\/li>\n<li>Getting the Voice Out <a href=\"https:\/\/www.gettingthevoiceout.org\/\">https:\/\/www.gettingthevoiceout.org\/<\/a><\/li>\n<li>Indybay <a href=\"https:\/\/indybay.org\">https:\/\/indybay.org<\/a><\/li>\n<li>Intercontinental Cry <a href=\"https:\/\/intercontinentalcry.org\/\">https:\/\/intercontinentalcry.org\/<\/a><\/li>\n<li>Iron Snowflake <a href=\"https:\/\/ironsnowflake.blackblogs.org\/\">https:\/\/ironsnowflake.blackblogs.org\/<\/a><\/li>\n<li>It\u2019s Going Down <a href=\"https:\/\/itsgoingdown.org\">https:\/\/itsgoingdown.org<\/a><\/li>\n<li>Jersey Counter-Info <a href=\"https:\/\/jerseycounterinfo.noblogs.org\/\">https:\/\/jerseycounterinfo.noblogs.org\/<\/a><\/li>\n<li>Live Free\u00a0<a href=\"https:\/\/livefree.noblogs.org\/\">https:\/\/livefree.noblogs.org\/<\/a><\/li>\n<li>MBTA Distro <a href=\"https:\/\/mbtadistro.noblogs.org\/\">https:\/\/mbtadistro.noblogs.org\/<\/a><\/li>\n<li>Montr\u00e9al Counter-Information <a href=\"https:\/\/mtlcontreinfo.org\">https:\/\/mtlcontreinfo.org<\/a><\/li>\n<li>Neighborhood Anarchist Collective <a href=\"https:\/\/neighborhoodanarchists.org\/\">https:\/\/neighborhoodanarchists.org\/ <\/a><\/li>\n<li>Never Sleep <a href=\"https:\/\/neversleep.noblogs.org\">https:\/\/neversleep.noblogs.org<\/a><\/li>\n<li>North American Animal Liberation Press Office <a href=\"https:\/\/animalliberationpressoffice.org\/NAALPO\/\">https:\/\/animalliberationpressoffice.org\/NAALPO\/<\/a><\/li>\n<li>North-Shore Counter-Info <a href=\"https:\/\/north-shore.info\/\">https:\/\/north-shore.info\/<\/a><\/li>\n<li>Okmana <a href=\"https:\/\/rant.li\/okmana\/\">https:\/\/rant.li\/okmana\/<\/a><\/li>\n<li>Perilous Chronicle <a href=\"https:\/\/perilouschronicle.com\/\">https:\/\/perilouschronicle.com\/<\/a><\/li>\n<li>Philly Anti-Capitalist <a href=\"https:\/\/phlanticap.noblogs.org\">https:\/\/phlanticap.noblogs.org<\/a><\/li>\n<li>Pramen <a href=\"https:\/\/pramen.io\/en\">https:\/\/pramen.io\/en<\/a><\/li>\n<li>Puget Sound Anarchists <a href=\"https:\/\/pugetsoundanarchists.org\">https:\/\/pugetsoundanarchists.org<\/a><\/li>\n<li>Rose City Counter-Info <a href=\"https:\/\/rosecitycounterinfo.noblogs.org\">https:\/\/rosecitycounterinfo.noblogs.org<\/a><\/li>\n<li>Scenes from the Atlanta Forest <a href=\"https:\/\/scenes.noblogs.org\">https:\/\/scenes.noblogs.org<\/a><\/li>\n<li>Slingers.Collective <a href=\"https:\/\/slingerscollective.net\/\">https:\/\/slingerscollective.net\/<\/a><\/li>\n<li>Squat!net <a href=\"https:\/\/en.squat.net\/\">https:\/\/en.squat.net\/<\/a><\/li>\n<li>Stop Cop Cities <a href=\"https:\/\/stopcopcities.org\/\">https:\/\/stopcopcities.org\/<\/a><\/li>\n<li>Stop Cop Nation <a href=\"https:\/\/stopcopnation.org\/\">https:\/\/stopcopnation.org\/<\/a><\/li>\n<li>Unicorn Riot <a href=\"https:\/\/unicornriot.ninja\">https:\/\/unicornriot.ninja<\/a><\/li>\n<li>Unity of Fields <a href=\"https:\/\/unityoffields.org\/\">https:\/\/unityoffields.org\/<\/a><\/li>\n<li>Unoffensive Animal <a href=\"https:\/\/unoffensiveanimal.is\/\">https:\/\/unoffensiveanimal.is\/<\/a><\/li>\n<li>Unravel <a href=\"https:\/\/unravel.noblogs.org\">https:\/\/unravel.noblogs.org<\/a><\/li>\n<li>Unsalted Counter-Info <a href=\"https:\/\/unsalted.noblogs.org\">https:\/\/unsalted.noblogs.org<\/a><\/li>\n<li>Warrior Up <a href=\"https:\/\/warriorup.noblogs.org\">https:\/\/warriorup.noblogs.org<\/a><\/li>\n<li>Warrior Publications <a href=\"https:\/\/warriorpublications.wordpress.com\">https:\/\/warriorpublications.wordpress.com<\/a><\/li>\n<\/ul>\n<p><span style=\"text-decoration: underline\">Allemand :<\/span><\/p>\n<ul>\n<li>Barrikade <a href=\"https:\/\/barrikade.info\">https:\/\/barrikade.info<\/a><\/li>\n<li>Deutsch Indymedia <a href=\"https:\/\/de.indymedia.org\">https:\/\/de.indymedia.org<\/a><\/li>\n<li>Emrawi <a href=\"https:\/\/emrawi.org\/\">https:\/\/emrawi.org\/<\/a> [<a href=\"http:\/\/lyeufajq7n43xog2bsdcyu3pqt56hucwcnwq2b4hnxlqhszk4alkhnid.onion\/\">lien TOR<\/a>]<\/li>\n<li>knack [punkt] news <a href=\"https:\/\/knack.news\">https:\/\/knack.news<\/a> [<a href=\"http:\/\/knackriotpvczb6xja67gsmbks35n7mvwfxcdj5tlqhfictgz42vjvad.onion\/\">lien TOR<\/a>]<\/li>\n<li>Kontrapolis <a href=\"https:\/\/kontrapolis.info\">https:\/\/kontrapolis.info<\/a><\/li>\n<li>Radikal <a href=\"https:\/\/radikal.news\">https:\/\/radikal.news<\/a><\/li>\n<li>Squat!net <a href=\"http:\/\/de.squat.net\/\">http:\/\/de.squat.net\/<\/a><\/li>\n<li>Sozialer Zorn <a href=\"https:\/\/sozialerzorn.noblogs.org\/\">https:\/\/sozialerzorn.noblogs.org\/<\/a><\/li>\n<li>Subtilus <a href=\"https:\/\/subtilus.info\">https:\/\/subtilus.info<\/a><\/li>\n<li>Switch off! The system of destruction <a href=\"https:\/\/switchoff.noblogs.org\">https:\/\/switchoff.noblogs.org<\/a><\/li>\n<li>Tumulte <a href=\"https:\/\/tumulte.org\">https:\/\/tumulte.org<\/a><\/li>\n<\/ul>\n<p><span style=\"text-decoration: underline\">Espagnol :<\/span><\/p>\n<ul>\n<li>Avispa <a href=\"https:\/\/avispa.org\/inicio\/\">https:\/\/avispa.org\/inicio<\/a><\/li>\n<li>Buscando la kalle <a href=\"https:\/\/buscandolakalle.wordpress.com\">https:\/\/buscandolakalle.wordpress.com<\/a><\/li>\n<li>Comitato Carlos Fonseca <a href=\"https:\/\/comitatocarlosfonseca.noblogs.org\">https:\/\/comitatocarlosfonseca.noblogs.org<\/a><\/li>\n<li>Contra Info <a href=\"https:\/\/es-contrainfo.espiv.net\">https:\/\/es-contrainfo.espiv.net<\/a><\/li>\n<li>El Enemigo Com\u00fan <a href=\"https:\/\/elenemigocomun.net\/es\">https:\/\/elenemigocomun.net\/es<\/a><\/li>\n<li>Indymedia Barcelona <a href=\"https:\/\/barcelona.indymedia.org\">https:\/\/barcelona.indymedia.org<\/a><\/li>\n<li>Informativo Anarquista <a href=\"https:\/\/informativoanarquista.noblogs.org\">https:\/\/informativoanarquista.noblogs.org<\/a><\/li>\n<li>La Zarzamora <a href=\"https:\/\/lazarzamora.cl\">https:\/\/lazarzamora.cl<\/a><\/li>\n<li>Lafken Mawida <a href=\"https:\/\/lafkenmawida.org\">https:\/\/lafkenmawida.org<\/a><\/li>\n<li>Liberacion <a href=\"https:\/\/www.liberacion.cl\">https:\/\/www.liberacion.cl<\/a><\/li>\n<li>Mapu Express <a href=\"https:\/\/mapuexpress.org\">https:\/\/mapuexpress.org<\/a><\/li>\n<li>Periodico Libertaria <a href=\"https:\/\/periodicolibertaria.wordpress.com\">https:\/\/periodicolibertaria.wordpress.com<\/a><\/li>\n<li>Publicacion Refractario <a href=\"https:\/\/publicacionrefractario.wordpress.com\">https:\/\/publicacionrefractario.wordpress.com<\/a><\/li>\n<li>Radio Kurruf <a href=\"https:\/\/radiokurruf.org\/\">https:\/\/radiokurruf.org\/<\/a><\/li>\n<li><span class=\"kY2IgmnCmOGjharHErah\">Radio Williche M\u00fcl&rsquo;\u00fctu <a href=\"https:\/\/radiomulutu.org\/\">https:\/\/radiomulutu.org\/<\/a><br \/>\n<\/span><\/li>\n<\/ul>\n<p><span style=\"text-decoration: underline\">Grec :<\/span><\/p>\n<ul>\n<li>Alerta <a href=\"https:\/\/alerta.gr\">https:\/\/alerta.gr<\/a><\/li>\n<li>Athens Indymedia <a href=\"https:\/\/athens.indymedia.org\">https:\/\/athens.indymedia.org<\/a><\/li>\n<li>Anarchist Political Organization <a href=\"https:\/\/apo.squathost.org\">https:\/\/apo.squathost.org<\/a><\/li>\n<li>Anarchy press gr <a href=\"https:\/\/anarchypress.wordpress.com\/\">https:\/\/anarchypress.wordpress.com\/<\/a><\/li>\n<li>Blessed is the flame <a href=\"https:\/\/blessed-is-the-flame.espivblogs.net\">https:\/\/blessed-is-the-flame.espivblogs.net<\/a><\/li>\n<li>just say no\u00a0<a href=\"https:\/\/bentley.noblogs.org\/\">https:\/\/bentley.noblogs.org\/<\/a><\/li>\n<li>Mpalothia <a href=\"https:\/\/mpalothia.net\">https:\/\/mpalothia.net<\/a><\/li>\n<\/ul>\n<p><span style=\"text-decoration: underline\">Italien<\/span> :<\/p>\n<ul>\n<li>Il Rovescio <a href=\"https:\/\/ilrovescio.info\">https:\/\/ilrovescio.info<\/a><\/li>\n<li>Infoaut <a href=\"https:\/\/infoaut.org\">https:\/\/infoaut.org<\/a><\/li>\n<li>La Nemesi <a href=\"https:\/\/lanemesi.noblogs.org\">https:\/\/lanemesi.noblogs.org<\/a><\/li>\n<li>No CPR Torino <a href=\"https:\/\/nocprtorino.noblogs.org\/\">https:\/\/nocprtorino.noblogs.org\/<\/a><\/li>\n<li>Sardegna Anarchica <a href=\"https:\/\/sardegnaanarchica.wordpress.com\">https:\/\/sardegnaanarchica.wordpress.com<\/a><\/li>\n<\/ul>\n<p><span style=\"text-decoration: underline\">N\u00e9erlandais :<\/span><\/p>\n<ul>\n<li>Dutch Indymedia <a href=\"https:\/\/indymedia.nl\">https:\/\/indymedia.nl<\/a><\/li>\n<li>Getting the Voice Out <a href=\"https:\/\/www.gettingthevoiceout.org\/\">https:\/\/www.gettingthevoiceout.org\/<\/a><\/li>\n<li>Squat!net <a href=\"http:\/\/nl.squat.net\/\">http:\/\/nl.squat.net\/<\/a><\/li>\n<\/ul>\n<p><span style=\"text-decoration: underline\">Polonais :<\/span><\/p>\n<ul>\n<li>Czarna Teoria <a href=\"https:\/\/czarnateoria.noblogs.org\">https:\/\/czarnateoria.noblogs.org<\/a><\/li>\n<\/ul>\n<p><span style=\"text-decoration: underline\">Indon\u00e9sien :<\/span><\/p>\n<ul>\n<li>Arsonis <a href=\"https:\/\/arsonis.noblogs.org\/\">https:\/\/arsonis.noblogs.org\/<\/a><\/li>\n<li>Insendier <a href=\"https:\/\/insendier.noblogs.org\/\">https:\/\/insendier.noblogs.org\/ <\/a><\/li>\n<li>Legiun\u00a0<a href=\"https:\/\/legiun03.noblogs.org\/\">https:\/\/legiun03.noblogs.org\/<\/a><\/li>\n<\/ul>\n<p><span style=\"text-decoration: underline\">Portuguais :<\/span><\/p>\n<ul>\n<li>Agencia de Noticias Anarquistas <a href=\"https:\/\/noticiasanarquistas.noblogs.org\/\">https:\/\/noticiasanarquistas.noblogs.org\/<\/a><\/li>\n<li>Fac\u00e7\u00e3o Fict\u00edcia <a href=\"https:\/\/faccaoficticia.noblogs.org\/\">https:\/\/faccaoficticia.noblogs.org\/<\/a><\/li>\n<li>Portal Anarquista <a href=\"https:\/\/colectivolibertarioevora.wordpress.com\">https:\/\/colectivolibertarioevora.wordpress.com<\/a><\/li>\n<\/ul>\n<p><span style=\"text-decoration: underline\">Kurde :<\/span><\/p>\n<ul>\n<li>Anarkistan <a href=\"https:\/\/anarkistan.net\">https:\/\/anarkistan.net<\/a><\/li>\n<\/ul>\n<p><span style=\"text-decoration: underline\">Su\u00e9dois :<\/span><\/p>\n<ul>\n<li>Gatorna <a href=\"https:\/\/gatorna.info\/\">https:\/\/gatorna.info\/<\/a><\/li>\n<\/ul>\n<p><span style=\"text-decoration: underline\">Finlandais :<\/span><\/p>\n<ul>\n<li>Takku <a href=\"https:\/\/takku.net\">https:\/\/takku.net<\/a><\/li>\n<li>Varis <a href=\"https:\/\/varisverkosto.com\">https:\/\/varisverkosto.com<\/a><\/li>\n<\/ul>\n<p><span style=\"text-decoration: underline\">Russe :<\/span><\/p>\n<ul>\n<li>Assembly <a href=\"https:\/\/assembly.org.ua\">https:\/\/assembly.org.ua<\/a><\/li>\n<li>\u0410\u0432\u0442\u043e\u043d\u043e\u043c\u043d\u043e\u0435 \u0414\u0435\u0439\u0441\u0442\u0432\u0438\u0435 <a href=\"https:\/\/avtonom.org\">https:\/\/avtonom.org<\/a><\/li>\n<li>Avtozak Live <a href=\"https:\/\/avtozak.info\/\">https:\/\/avtozak.info\/<\/a><\/li>\n<li>Pramen <a href=\"https:\/\/pramen.io\">https:\/\/pramen.io<\/a><\/li>\n<\/ul>\n<p><span style=\"text-decoration: underline\">Tch\u00e8que :<\/span><\/p>\n<ul>\n<li>Ostravska Anarchisticka Federace <a href=\"https:\/\/oafed.noblogs.org\">https:\/\/oafed.noblogs.org<\/a><\/li>\n<\/ul>\n","protected":false},"excerpt":{"rendered":"<p>Divers sites consultables pour s&rsquo;informer sur les luttes et actions dans le monde entier. Fran\u00e7ais : Attaque https:\/\/attaque.noblogs.org Bruxelles D\u00e9vie https:\/\/bruxellesdevie.com\/ Getting the Voice Out https:\/\/www.gettingthevoiceout.org\/ Indymedia Lille https:\/\/lille.indymedia.org Indymedia Nantes https:\/\/nantes.indymedia.org Info Libertaire https:\/\/www.infolibertaire.net\/ Information Anti-Autoritaire Toulouse et Alentours https:\/\/iaata.info Marseille Infos Autonomes https:\/\/mars-infos.org Montr\u00e9al Contre-Information https:\/\/mtlcontreinfo.org Paris Luttes Info https:\/\/paris-luttes.info Renverse https:\/\/renverse.co Sans [&hellip;]<\/p>\n","protected":false},"author":20017,"featured_media":0,"parent":0,"menu_order":1,"comment_status":"closed","ping_status":"closed","template":"","meta":{"footnotes":""},"class_list":["post-180","page","type-page","status-publish","hentry"],"_links":{"self":[{"href":"https:\/\/dingueries.noblogs.org\/index.php?rest_route=\/wp\/v2\/pages\/180","targetHints":{"allow":["GET"]}}],"collection":[{"href":"https:\/\/dingueries.noblogs.org\/index.php?rest_route=\/wp\/v2\/pages"}],"about":[{"href":"https:\/\/dingueries.noblogs.org\/index.php?rest_route=\/wp\/v2\/types\/page"}],"author":[{"embeddable":true,"href":"https:\/\/dingueries.noblogs.org\/index.php?rest_route=\/wp\/v2\/users\/20017"}],"replies":[{"embeddable":true,"href":"https:\/\/dingueries.noblogs.org\/index.php?rest_route=%2Fwp%2Fv2%2Fcomments&post=180"}],"version-history":[{"count":25,"href":"https:\/\/dingueries.noblogs.org\/index.php?rest_route=\/wp\/v2\/pages\/180\/revisions"}],"predecessor-version":[{"id":3149,"href":"https:\/\/dingueries.noblogs.org\/index.php?rest_route=\/wp\/v2\/pages\/180\/revisions\/3149"}],"wp:attachment":[{"href":"https:\/\/dingueries.noblogs.org\/index.php?rest_route=%2Fwp%2Fv2%2Fmedia&parent=180"}],"curies":[{"name":"wp","href":"https:\/\/api.w.org\/{rel}","templated":true}]}}