{"id":29,"date":"2024-07-03T18:22:39","date_gmt":"2024-07-03T16:22:39","guid":{"rendered":"https:\/\/dingueries.noblogs.org\/?page_id=29"},"modified":"2024-10-09T19:59:52","modified_gmt":"2024-10-09T17:59:52","slug":"infokiosque","status":"publish","type":"page","link":"https:\/\/dingueries.noblogs.org\/?page_id=29","title":{"rendered":"infokiosque"},"content":{"rendered":"<h2><strong>Une s\u00e9lection de brochures internationalistes :<\/strong><\/h2>\n<pre><strong>Kanaky :<\/strong><\/pre>\n<p><a href=\"https:\/\/paris-luttes.info\/que-vive-l-insurection-kanak-18508\">Que vive l&rsquo;insurrection kanak !<\/a> |<em> <a href=\"https:\/\/nantes.indymedia.org\/wp-content\/uploads\/2024\/07\/kanaky.pdf\">num\u00e9ro 1<\/a> | <\/em><a href=\"https:\/\/nantes.indymedia.org\/wp-content\/uploads\/2024\/07\/kanaky-n2.pdf\"><em>num\u00e9ro 2<\/em><\/a><br \/>\n<a href=\"https:\/\/sansnom.noblogs.org\/archives\/21773\" rel=\"bookmark\">Solidarit\u00e9 avec l\u2019insurrection kanak !<\/a><br \/>\n<a class=\"wp-block-latest-posts__post-title\" href=\"https:\/\/dingueries.noblogs.org\/?p=103\">L\u2019Etat colonial face aux prisonniers Kanak<\/a><br \/>\n<a href=\"https:\/\/infokiosques.net\/spip.php?article1868\">Kanaky Nouvelle Cal\u00e9donie\u00a0: une colonie en lutte pour son ind\u00e9pendance<\/a><br \/>\n<a class=\"wp-block-latest-posts__post-title\" href=\"https:\/\/dingueries.noblogs.org\/?p=638\">La question carc\u00e9rale dans la colonisation : de la Kanaky \u00e0 la Palestine<\/a><\/p>\n<pre><strong>Chili \/ Mapuche :<\/strong><\/pre>\n<p><a href=\"https:\/\/sansnom.noblogs.org\/archives\/11231\" rel=\"bookmark\">Entre oc\u00e9ans, for\u00eats et volcans. La lutte radicale mapuche<\/a> | <a href=\"https:\/\/nantes.indymedia.org\/wp-content\/uploads\/2023\/10\/entre-oceans-forets-et-volcans1.pdf\"><em>pdf<\/em><\/a><br \/>\n<a href=\"https:\/\/infokiosques.net\/spip.php?article2057\">\u00c0 propos des communaut\u00e9s mapuches en guerre et de la solidarit\u00e9 anarchiste<\/a><br \/>\n<a title=\"Permanent Link to [Brochure] Compilation de communiqu\u00e9s autour de l\u2019affaire Susaron\" href=\"https:\/\/dingueries.noblogs.org\/?p=80\" rel=\"bookmark\">Compilation de communiqu\u00e9s autour de l\u2019affaire Susaron<\/a><br \/>\n<a class=\"wp-block-latest-posts__post-title\" href=\"https:\/\/dingueries.noblogs.org\/?p=177\">Une conversation entre Warzone Distro et les 4 de Susaron<\/a><\/p>\n<pre><strong>Canada \/ Autochtones d'Am\u00e9rique du Nord :<\/strong><\/pre>\n<p><a href=\"https:\/\/infokiosques.net\/spip.php?article2021\">Une autre fin de ce monde est possible &#8211; La solidarit\u00e9 avec les peuples autochtones et le blocage des infrastructures extractives au Canada<\/a><\/p>\n<pre><strong>Etats-Unis \/ Autochtones d'Am\u00e9rique du Nord :<\/strong><\/pre>\n<p><a href=\"https:\/\/infokiosques.net\/spip.php?article2070\">Atlanta contre Cop City et son monde<\/a><br \/>\n<a class=\"surlignable\" href=\"https:\/\/paris-luttes.info\/echos-d-atlanta-decembre-2o23-17648\">Echos d\u2019Atlanta (D\u00e9cembre 2O23)<\/a><br \/>\n<a href=\"https:\/\/fr.crimethinc.com\/zines\/le-siege-du-commissariat-du-3e-district\">Le si\u00e8ge du commissariat du 3e district de Minneapolis<\/a><\/p>\n<pre><strong>Iran :<\/strong><\/pre>\n<p><a title=\"Permanent Link to [Brochure] Entretiens avec des Anarchistes d\u2019Iran et d\u2019Afghanistan (2019-2023)\" href=\"https:\/\/dingueries.noblogs.org\/?p=39\" rel=\"bookmark\">Entretiens avec des Anarchistes d\u2019Iran et d\u2019Afghanistan (2019-2023)<\/a><\/p>\n<pre><strong>Palestine :<\/strong><\/pre>\n<p><a title=\"Permanent Link to [Brochure] Pour l\u2019amour de la Palestine : R\u00e9cits de femmes, d\u2019emprisonnement et de r\u00e9sistances\" href=\"https:\/\/dingueries.noblogs.org\/?p=31\" rel=\"bookmark\">Pour l\u2019amour de la Palestine : R\u00e9cits de femmes, d\u2019emprisonnement et de r\u00e9sistances<\/a><br \/>\n<a href=\"https:\/\/riotforliberty.medium.com\/10-th%C3%A8ses-anarchistes-sur-la-solidarit%C3%A9-avec-la-palestine-aux-%C3%A9tats-unis-anonyme-d0253c4aa82e\">10 th\u00e8ses anarchistes sur la solidarit\u00e9 avec la Palestine aux \u00c9tats-Unis<\/a> <em>[<a href=\"https:\/\/intimitescriminelles.noblogs.org\/files\/2023\/10\/theses-palestine-print.pdf\">brochure<\/a> | <a href=\"https:\/\/intimitescriminelles.noblogs.org\/files\/2023\/10\/theses-palestine-read.pdf\">pdf<\/a>] [<a href=\"https:\/\/intimitescriminelles.noblogs.org\/files\/2023\/10\/theses-palestine-compact-print.pdf\">theses-palestine-compact-print<\/a> | <\/em><a href=\"https:\/\/intimitescriminelles.noblogs.org\/files\/2023\/10\/theses-palestine-compact-read.pdf\"><em>theses-palestine-compact-read]<\/em><\/a><br \/>\n<a class=\"wp-block-latest-posts__post-title\" href=\"https:\/\/intimitescriminelles.noblogs.org\/?p=168\">Entretiens avec 3 membres de Fauda, mouvement anarchiste de Palestine<\/a><br \/>\n<a class=\"surlignable\" href=\"https:\/\/paris-luttes.info\/entretien-avec-des-anarchistes-de-17512\">Entretien avec des Anarchistes de Palestine \u2013 Perspectives depuis la lutte contre l\u2019occupation<\/a><br \/>\n<a class=\"surlignable\" href=\"https:\/\/paris-luttes.info\/entretien-avec-un-e-anarchiste-d-17554\">Entretien avec un\u00b7e anarchiste d\u2019Isra\u00ebl \u2013 On ne peut pas se permettre de rester silencieux\u00b7ses<\/a><br \/>\n<a href=\"https:\/\/crimethinc.com\/2023\/10\/08\/une-superpuissance-nucleaire-et-un-peuple-depossede-un-anarchiste-de-jaffa-a-propos-de-la-violence-en-palestine-et-de-la-repression-israelienne\">\u201cUne superpuissance nucl\u00e9aire et un peuple d\u00e9poss\u00e9d\u00e9\u201d \u2013 Un anarchiste de Jaffa, \u00e0 propos de la violence en Palestine et de la r\u00e9pression isra\u00e9lienne<\/a> (2023)\u00a0 | <a href=\"https:\/\/intimitescriminelles.noblogs.org\/files\/2023\/10\/Un_anarchiste_de_Jaffa-1.pdf\"><em>brochure<\/em><\/a><br \/>\n<a href=\"https:\/\/infokiosques.net\/spip.php?article2096\">Guide des entreprises fran\u00e7aises d\u2019armement complices d\u2019Isra\u00ebl<br \/>\n<\/a><a class=\"wp-block-latest-posts__post-title\" href=\"https:\/\/dingueries.noblogs.org\/?p=43\">A15 : Arr\u00eater le monde pour Gaza<\/a><br \/>\n<a class=\"wp-block-latest-posts__post-title\" href=\"https:\/\/dingueries.noblogs.org\/?p=545\">Action Directe pour la Palestine en France, Oct 2023 \u2013 Juin 2024<\/a><br \/>\n<a class=\"wp-block-latest-posts__post-title\" href=\"https:\/\/dingueries.noblogs.org\/?p=638\">La question carc\u00e9rale dans la colonisation : de la Kanaky \u00e0 la Palestine<\/a><\/p>\n<pre><strong>Gr\u00e8ce :<\/strong><\/pre>\n<p><a href=\"https:\/\/infokiosques.net\/spip.php?article732\">Gr\u00e8ce\u00a0: la r\u00e9volte de d\u00e9cembre 2008<\/a><br \/>\n<a href=\"https:\/\/infokiosques.net\/spip.php?article715\">Jours de Rage- Chronique d\u2019une insurrection grecque<\/a><\/p>\n<pre><strong>Br\u00e9sil :<\/strong><\/pre>\n<p><a href=\"https:\/\/infokiosques.net\/spip.php?article1943\">Entretien avec une militante antisp\u00e9ciste anarchiste br\u00e9silienne<\/a><\/p>\n<pre><strong>Ukraine :<\/strong><\/pre>\n<p><a href=\"https:\/\/fr.crimethinc.com\/zines\/entre-deux-feux\">Entre Deux Feux : Recueil Provisoire de Textes d&rsquo;Anarchistes d&rsquo;Ukraine, de la Russie et de la Bi\u00e9lorussie \u00e0 Propos de la Guerre en Cours<\/a><br \/>\n<a href=\"https:\/\/fr.crimethinc.com\/zines\/ukraine-le-contexte-de-l-invasion-russe\">Ukraine: le contexte de l\u2019invasion russe<\/a><\/p>\n<pre><strong>Russie :<\/strong><\/pre>\n<p><a href=\"https:\/\/fr.crimethinc.com\/zines\/russie-anarchistes-contre-l-invasion-de-l-ukraine\">Russie: anarchistes contre l&rsquo;invasion de l&rsquo;Ukraine<\/a><\/p>\n<pre><strong>Soudan :<\/strong><\/pre>\n<p><a href=\"https:\/\/sudfa-media.com\/article\/2024-une-nouvelle-brochure-consacree-a-la-guerre-au-soudan\">Derri\u00e8re les tumultes de la guerre, les \u00e9chos de la r\u00e9volution soudanaise<\/a><\/p>\n<pre><strong>Kenya :<\/strong><\/pre>\n<p><a href=\"https:\/\/dingueries.noblogs.org\/?p=678\">R\u00e9volte prol\u00e9tarienne au Kenya \u2013 Contre toutes les falsifications bourgeoises !<\/a><\/p>\n<hr \/>\n<h2>Brochures sur les mouvements en France et ses colonies traduites dans d&rsquo;autres langues :<\/h2>\n<p><a href=\"https:\/\/actforfree.noblogs.org\/2024\/07\/01\/pandaemonium-france-june-july-2023-chronicle-of-attacks-after-the-murder-of-nahel-m\/\" rel=\"next\">PANDAEMONIUM FRANCE JUNE \u2013 JULY 2023 , CHRONICLE OF ATTACKS AFTER THE MURDER OF NAHEL M.<\/a><br \/>\n<a class=\"wp-block-latest-posts__post-title\" href=\"https:\/\/dingueries.noblogs.org\/?p=668\">Insurrection in Kanaky<\/a><\/p>\n","protected":false},"excerpt":{"rendered":"<p>Une s\u00e9lection de brochures internationalistes : Kanaky : Que vive l&rsquo;insurrection kanak ! | num\u00e9ro 1 | num\u00e9ro 2 Solidarit\u00e9 avec l\u2019insurrection kanak ! L\u2019Etat colonial face aux prisonniers Kanak Kanaky Nouvelle Cal\u00e9donie\u00a0: une colonie en lutte pour son ind\u00e9pendance La question carc\u00e9rale dans la colonisation : de la Kanaky \u00e0 la Palestine Chili \/ [&hellip;]<\/p>\n","protected":false},"author":20017,"featured_media":0,"parent":0,"menu_order":0,"comment_status":"closed","ping_status":"closed","template":"","meta":{"footnotes":""},"class_list":["post-29","page","type-page","status-publish","hentry"],"_links":{"self":[{"href":"https:\/\/dingueries.noblogs.org\/index.php?rest_route=\/wp\/v2\/pages\/29","targetHints":{"allow":["GET"]}}],"collection":[{"href":"https:\/\/dingueries.noblogs.org\/index.php?rest_route=\/wp\/v2\/pages"}],"about":[{"href":"https:\/\/dingueries.noblogs.org\/index.php?rest_route=\/wp\/v2\/types\/page"}],"author":[{"embeddable":true,"href":"https:\/\/dingueries.noblogs.org\/index.php?rest_route=\/wp\/v2\/users\/20017"}],"replies":[{"embeddable":true,"href":"https:\/\/dingueries.noblogs.org\/index.php?rest_route=%2Fwp%2Fv2%2Fcomments&post=29"}],"version-history":[{"count":24,"href":"https:\/\/dingueries.noblogs.org\/index.php?rest_route=\/wp\/v2\/pages\/29\/revisions"}],"predecessor-version":[{"id":821,"href":"https:\/\/dingueries.noblogs.org\/index.php?rest_route=\/wp\/v2\/pages\/29\/revisions\/821"}],"wp:attachment":[{"href":"https:\/\/dingueries.noblogs.org\/index.php?rest_route=%2Fwp%2Fv2%2Fmedia&parent=29"}],"curies":[{"name":"wp","href":"https:\/\/api.w.org\/{rel}","templated":true}]}}