{"id":5,"date":"2024-07-02T22:07:08","date_gmt":"2024-07-02T20:07:08","guid":{"rendered":"https:\/\/dingueries.noblogs.org\/?page_id=5"},"modified":"2025-05-24T01:13:12","modified_gmt":"2025-05-23T23:13:12","slug":"contribuer","status":"publish","type":"page","link":"https:\/\/dingueries.noblogs.org\/?page_id=5","title":{"rendered":"contribuer"},"content":{"rendered":"<p>On peut nous envoyer un mail de fa\u00e7on encrypt\u00e9e avec le formulaire suivant. Ne mettez \u00e9videmment pas de vrai nom, et utilisez une adresse temporaire (par exemple tempr.mail).<strong><br \/>\n<\/strong><\/p>\n<p>N&rsquo;h\u00e9sitez pas \u00e0 envoyer toute proposition de revendication d&rsquo;action, d&rsquo;analyse, de brochure, de texte, de traduction, de compilation d&rsquo;informations prises dans la presse, d&rsquo;informations sur des prisonnier.e.s, et autres choses qui vous passeraient par la t\u00eate.<\/p>\n<p style=\"text-align: left\"><code><div class=\"secure-form\"><div id=\"message-group\" class=\"form-group\"><label for=\"message\">Message<\/label><textarea id=\"message\" name=\"message\" rows=\"5\"><\/textarea><\/div><form id=\"sform\" method=\"post\"><div id=\"subject-group\" class=\"form-group\"><label for=\"subject\">Subject<\/label><input type=\"text\" id=\"subject\" name=\"subject\"><\/div><div id=\"name-group\" class=\"form-group\"><label for=\"name\">Your name<\/label><input type=\"text\" id=\"name\" name=\"name\"><\/div><div id=\"email-group\" class=\"form-group\"><label for=\"email\">Your email<\/label><input type=\"text\" id=\"email\" name=\"email\"><\/div><input type=\"hidden\" id=\"encryptedMessage\" name=\"encryptedMessage\"><input type=\"submit\" name=\"submit\" value=\"Submit\"><\/form><\/div><\/code><\/p>\n<hr \/>\n<p>dingueries[at]paranoici[dot]org<\/p>\n<p>&#8212;&#8211;BEGIN PGP PUBLIC KEY BLOCK&#8212;&#8211;<\/p>\n<p>xsDNBGaiaygBDADrNpcV0x+IHFnsjWDN9I7stN7IP1XQObVcZzy5LRRXOkqFFGH2<br \/>\nmfCjTGgazcmyCj\/olq6rF94cHvXuxg2HKd8ntbN5YyFIk4+oH3EVnZ7jVnkfFYUB<br \/>\n1TTlghhg3\/BmgIWdFdavaKshcshTFJvrUErB6MRpX9+hm0v92eKPtcnvhRo+hYmX<br \/>\n\/rwkc2C7w2jXolLVTrfEvldXXgN09saB0UL6Eeg38Ac6ydspxhtNKgNDiD\/xM\/YT<br \/>\nvikucsJ8vL3FP9vpwHYO3ATIzdoPJM+gjjFbFtLSAVWKzpMpcBjcAV3ZUefvhA7t<br \/>\nIf5kuiIgmrRu87Mvh8+WaBipr0GpdDOKFsIJeWNQMyQ1ct\/w20hyoEI3pU3FUTKh<br \/>\nGVDlXHS6xMKcUg9+P8c+7EeX52wyqNsfMqZMGbb5DpH7VsFvXL20qwxtSRX6dRnM<br \/>\n+mJP2DE\/0Ibaqu069a48G7oGPANuTmukSsno4D5+D0POYfz2Yn0K+fUpK782q3\/k<br \/>\nwcObn7eJ0cGp\/okAEQEAAc0lZGluZ3VlcmllcyA8ZGluZ3Vlcmllc0BwYXJhbm9p<br \/>\nY2kub3JnPsLBDQQTAQgANxYhBG+xwL2oJU5+S9QI5mpcL+8GZ1w6BQJmomsqBQkF<br \/>\no5qAAhsDBAsJCAcFFQgJCgsFFgIDAQAACgkQalwv7wZnXDr6jwwA2A0zvjZmZffR<br \/>\nfHVEGKx7mAnAlHVkK2GPJ0ui6RdEKOCdJQKHw8oN1PelqQFnlwPM2qWMZCT+074Q<br \/>\nOLpJAUHSF63frsKeMahtq8Hi\/HeHNiMC7J5lBRp+eeA+DBSeK9Pw7lCXLT0W1rdH<br \/>\nhUgQZMGSTuh2562Gt8NFapsdKqMDfHEIDa9GwKEd38cXwx7ZhOGEAZoNL0\/aio2M<br \/>\n\/Ld9iuQ0LEg\/IPVnMG2woBGlABkv9f74QOudpUJ2A9f3lQZ3QhdF5+m9NfJNK5F6<br \/>\nV+I4VUnBYj2QdDnbDhopDLaERpEqFySJ8ssYUDnCAzJ\/a8yJG\/wFax57usPLgYNG<br \/>\nYg3gyZAWERYQfPYty69sfNEpoovISB8ZRETR6rerNmXQ0Ght+PvyIEkWE83jcK7M<br \/>\nX6KKmbq8S7D0Fsoz9urFEV5RDfDSVzLbcEk8qY2KFGICrcemvAf8VHYD\/26WMVRq<br \/>\n5Ellbm4vBldf43WvMepyxu3UFR7sCFNwrhBE7gsJz23XaGxerMuNzsDNBGaiayoB<br \/>\nDADNrxyoXa82XLNGHdCXaOcUz\/DoJGbnjDF9d\/m8bL0e1SUWENstTS1l2hqP7\/d3<br \/>\nsVboHXIH81\/L9DeiCAUTVNaWl\/i4kAunujRoa7QrXnQ4NyVQxNkjlbWMAUqNdc9\/<br \/>\nAMOEGi5wdwPPFvaTNuj5PrkZKVOy4OwDRN9yYyV4YYXVI+\/8uoLw6bGskK8RglDH<br \/>\nf3tlafTFI65Va2JTTohTCsqZYk3PRXEdlCr0Af5OGQ\/woR6oMdcx1EYabTNg1LAy<br \/>\nvcyrSQVleSyBgMTW5ictOLRg66RAnrT9QhniAVnYQoEU6Dcf+MphamJMsl56uUum<br \/>\n692mkKE7FlTcMixy5h+2yQqkPRWg1PXjXZ6IOSMfi1u6xxQ+uvCNoU4gOR0+kn7C<br \/>\noI4lrkxQZKYjb9KCGAc8bFq0+COOHe4gMBcN06dIgT7afW6wJOiUaTiW\/b6O9f17<br \/>\n3j92ZYOd8cC\/Mf\/aoywDsRFKxXUaQDdeNYOej0ZbP+8lneVtBw+sff2xJa5Kd8m6<br \/>\n4GEAEQEAAcLA\/AQYAQgAJhYhBG+xwL2oJU5+S9QI5mpcL+8GZ1w6BQJmomsrBQkF<br \/>\no5qAAhsMAAoJEGpcL+8GZ1w6ULQMAJLfmw3YjdqGZtyIx3MfkKUjm5UY6gqfgU53<br \/>\nJ\/jT\/y+ddv\/1m2TMoEQ7ss71Saw+odFuyo5MV5d09+fzQOWVoq2WpGA9W1Vq33TC<br \/>\niXhMR3aWNtFZiAfVjLMY52sP\/pPdGwXuRP4ipTy4WAsgyNQyVmp5+FwPU3VcHbri<br \/>\nO5SHO1W60P9P3JD1CC8Sf5OaYMKmi93st9W7AoawqrVS56v7ancTuf319iOiKVXd<br \/>\noOMnEEDNR95U8r0FiTPSN0aEFxUprsH6+dT01iBxLmO8qjkohZhW3k5rcPYXOv+2<br \/>\nhe\/gc3vt1N3BTlRGtd6AcwGVHzYoc+jFcAI7EQaOS6FYREbNRLI0QQwCho93O+DD<br \/>\nNzxlWZGqC9BK0T0d0VAqopx8dGaPdedLDWKzRBFMUEDY4iH4Nb6B\/FQ6xaS5ehHc<br \/>\nNrjOdo8D0pWtJ7WbLZUJv0vH\/MELn49XWxo8unx8S0CYlmTZZtZoaibonwC1AHLd<br \/>\nlf2kLESfdXb\/ppIvnSsZMXic\/jZi3A==<br \/>\n=uFXj<br \/>\n&#8212;&#8211;END PGP PUBLIC KEY BLOCK&#8212;&#8211;<\/p>\n","protected":false},"excerpt":{"rendered":"<p>On peut nous envoyer un mail de fa\u00e7on encrypt\u00e9e avec le formulaire suivant. Ne mettez \u00e9videmment pas de vrai nom, et utilisez une adresse temporaire (par exemple tempr.mail). N&rsquo;h\u00e9sitez pas \u00e0 envoyer toute proposition de revendication d&rsquo;action, d&rsquo;analyse, de brochure, de texte, de traduction, de compilation d&rsquo;informations prises dans la presse, d&rsquo;informations sur des prisonnier.e.s, [&hellip;]<\/p>\n","protected":false},"author":20017,"featured_media":0,"parent":0,"menu_order":0,"comment_status":"closed","ping_status":"closed","template":"","meta":{"footnotes":""},"class_list":["post-5","page","type-page","status-publish","hentry"],"_links":{"self":[{"href":"https:\/\/dingueries.noblogs.org\/index.php?rest_route=\/wp\/v2\/pages\/5","targetHints":{"allow":["GET"]}}],"collection":[{"href":"https:\/\/dingueries.noblogs.org\/index.php?rest_route=\/wp\/v2\/pages"}],"about":[{"href":"https:\/\/dingueries.noblogs.org\/index.php?rest_route=\/wp\/v2\/types\/page"}],"author":[{"embeddable":true,"href":"https:\/\/dingueries.noblogs.org\/index.php?rest_route=\/wp\/v2\/users\/20017"}],"replies":[{"embeddable":true,"href":"https:\/\/dingueries.noblogs.org\/index.php?rest_route=%2Fwp%2Fv2%2Fcomments&post=5"}],"version-history":[{"count":10,"href":"https:\/\/dingueries.noblogs.org\/index.php?rest_route=\/wp\/v2\/pages\/5\/revisions"}],"predecessor-version":[{"id":2016,"href":"https:\/\/dingueries.noblogs.org\/index.php?rest_route=\/wp\/v2\/pages\/5\/revisions\/2016"}],"wp:attachment":[{"href":"https:\/\/dingueries.noblogs.org\/index.php?rest_route=%2Fwp%2Fv2%2Fmedia&parent=5"}],"curies":[{"name":"wp","href":"https:\/\/api.w.org\/{rel}","templated":true}]}}